{"id":8401,"date":"2023-06-15T10:52:46","date_gmt":"2023-06-15T10:52:46","guid":{"rendered":"http:\/\/ael.sc2yjuj7508.universe.wf\/?page_id=8401"},"modified":"2023-11-07T23:21:41","modified_gmt":"2023-11-07T23:21:41","slug":"contact-ael-groupe","status":"publish","type":"page","link":"https:\/\/www.aelgroupe.fr\/fr\/contact-ael-groupe\/","title":{"rendered":"Contact"},"content":{"rendered":"\t\t<div data-elementor-type=\"wp-page\" data-elementor-id=\"8401\" class=\"elementor elementor-8401\">\n\t\t\t\t\t\t<section class=\"elementor-section elementor-top-section elementor-element elementor-element-75647db elementor-section-full_width elementor-section-height-default elementor-section-height-default qodef-elementor-content-no\" data-id=\"75647db\" data-element_type=\"section\" data-settings=\"{&quot;background_background&quot;:&quot;classic&quot;}\">\n\t\t\t\t\t\t\t<div class=\"elementor-background-overlay\"><\/div>\n\t\t\t\t\t\t\t<div class=\"elementor-container elementor-column-gap-default\">\n\t\t\t\t\t<div class=\"elementor-column elementor-col-100 elementor-top-column elementor-element elementor-element-4a74a6d\" data-id=\"4a74a6d\" data-element_type=\"column\">\n\t\t\t<div class=\"elementor-widget-wrap elementor-element-populated\">\n\t\t\t\t\t\t<div class=\"elementor-element elementor-element-33f3441 elementor-widget elementor-widget-manufaktursolutions_core_custom_font\" data-id=\"33f3441\" data-element_type=\"widget\" data-widget_type=\"manufaktursolutions_core_custom_font.default\">\n\t\t\t\t<div class=\"elementor-widget-container\">\n\t\t\t<h1 class=\"qodef-shortcode qodef-m  qodef-custom-font qodef-custom-font-793 qodef-layout--simple\" style=\"color: #FFFFFF\">Contact<\/h1>\n\t\t<\/div>\n\t\t\t\t<\/div>\n\t\t\t\t<div class=\"elementor-element elementor-element-b330819 elementor-widget__width-initial elementor-widget elementor-widget-manufaktursolutions_core_custom_font\" data-id=\"b330819\" data-element_type=\"widget\" data-widget_type=\"manufaktursolutions_core_custom_font.default\">\n\t\t\t\t<div class=\"elementor-widget-container\">\n\t\t\t<p class=\"qodef-shortcode qodef-m  qodef-custom-font qodef-custom-font-642 qodef-layout--simple\" style=\"color: #FFFFFF\">Nous sommes \u00e0 votre disposition pour r\u00e9pondre \u00e0 vos demandes, questions et opportunit\u00e9s de collaboration. Votre contact est pr\u00e9cieux, et nous sommes ici pour vous fournir notre expertise et notre soutien.<\/p>\n\t\t<\/div>\n\t\t\t\t<\/div>\n\t\t\t\t\t<\/div>\n\t\t<\/div>\n\t\t\t\t\t<\/div>\n\t\t<\/section>\n\t\t<div class=\"elementor-element elementor-element-8876550 e-con-full e-flex e-con e-parent\" data-id=\"8876550\" data-element_type=\"container\">\n\t\t<div class=\"elementor-element elementor-element-2650816 e-con-full e-flex e-con e-child\" data-id=\"2650816\" data-element_type=\"container\" data-settings=\"{&quot;background_background&quot;:&quot;classic&quot;}\">\n\t\t\t\t<div class=\"elementor-element elementor-element-4fd5b3c elementor-widget elementor-widget-qi_addons_for_elementor_section_title\" data-id=\"4fd5b3c\" data-element_type=\"widget\" data-widget_type=\"qi_addons_for_elementor_section_title.default\">\n\t\t\t\t<div class=\"elementor-widget-container\">\n\t\t\t<div class=\"qodef-shortcode qodef-m  qodef-qi-section-title  qodef-decoration--italic  qodef-link--underline-draw qodef-subtitle-icon--left\">\n\t\t\t\t<h5 class=\"qodef-m-subtitle\">\n\t\tContact\t\t\t<\/h5>\n\t\t\t<h2 class=\"qodef-m-title\">\n\t\tContactez Nous\t<\/h2>\n\t\t\t<\/div>\n\t\t<\/div>\n\t\t\t\t<\/div>\n\t\t<div class=\"elementor-element elementor-element-521b8e7 e-con-full e-flex e-con e-child\" data-id=\"521b8e7\" data-element_type=\"container\">\n\t\t<div class=\"elementor-element elementor-element-efc32be e-con-full e-flex e-con e-child\" data-id=\"efc32be\" data-element_type=\"container\">\n\t\t\t\t<div class=\"elementor-element elementor-element-65b05fb elementor-widget elementor-widget-manufaktursolutions_core_custom_font\" data-id=\"65b05fb\" data-element_type=\"widget\" data-widget_type=\"manufaktursolutions_core_custom_font.default\">\n\t\t\t\t<div class=\"elementor-widget-container\">\n\t\t\t<h3 class=\"qodef-shortcode qodef-m  qodef-custom-font qodef-custom-font-301 qodef-layout--simple\" style=\"color: #15141C;font-size: 26px;font-weight: 700\">Notre Adresse <\/h3>\n\t\t<\/div>\n\t\t\t\t<\/div>\n\t\t\t\t<div class=\"elementor-element elementor-element-6709dbd elementor-widget elementor-widget-text-editor\" data-id=\"6709dbd\" data-element_type=\"widget\" data-widget_type=\"text-editor.default\">\n\t\t\t\t<div class=\"elementor-widget-container\">\n\t\t\t\t\t\t\t<p><a href=\"https:\/\/goo.gl\/maps\/Zrr4fdmKA5nyf95W7\" target=\"_blank\" rel=\"nofollow noopener\"><strong>AEL Groupe<\/strong><br \/>Champoly 42430, <br \/>France<\/a><\/p>\t\t\t\t\t\t<\/div>\n\t\t\t\t<\/div>\n\t\t\t\t<\/div>\n\t\t<div class=\"elementor-element elementor-element-e153fbc e-con-full e-flex e-con e-child\" data-id=\"e153fbc\" data-element_type=\"container\">\n\t\t\t\t<div class=\"elementor-element elementor-element-95920a2 elementor-widget elementor-widget-manufaktursolutions_core_custom_font\" data-id=\"95920a2\" data-element_type=\"widget\" data-widget_type=\"manufaktursolutions_core_custom_font.default\">\n\t\t\t\t<div class=\"elementor-widget-container\">\n\t\t\t<h3 class=\"qodef-shortcode qodef-m  qodef-custom-font qodef-custom-font-416 qodef-layout--simple\" style=\"color: #15141C;font-size: 26px;font-weight: 700\">EMAIL<\/h3>\n\t\t<\/div>\n\t\t\t\t<\/div>\n\t\t\t\t<div class=\"elementor-element elementor-element-5f67b45 elementor-widget elementor-widget-text-editor\" data-id=\"5f67b45\" data-element_type=\"widget\" data-widget_type=\"text-editor.default\">\n\t\t\t\t<div class=\"elementor-widget-container\">\n\t\t\t\t\t\t\t<p><a href=\"mailto:contact@aelgroupe.fr\">contact@aelgroupe.fr<\/a><\/p>\t\t\t\t\t\t<\/div>\n\t\t\t\t<\/div>\n\t\t\t\t<\/div>\n\t\t\t\t<\/div>\n\t\t<div class=\"elementor-element elementor-element-d2d27c3 e-con-full e-flex e-con e-child\" data-id=\"d2d27c3\" data-element_type=\"container\">\n\t\t<div class=\"elementor-element elementor-element-4b937b8 e-con-full e-flex e-con e-child\" data-id=\"4b937b8\" data-element_type=\"container\">\n\t\t\t\t<div class=\"elementor-element elementor-element-7a96b5c elementor-widget elementor-widget-manufaktursolutions_core_custom_font\" data-id=\"7a96b5c\" data-element_type=\"widget\" data-widget_type=\"manufaktursolutions_core_custom_font.default\">\n\t\t\t\t<div class=\"elementor-widget-container\">\n\t\t\t<h3 class=\"qodef-shortcode qodef-m  qodef-custom-font qodef-custom-font-378 qodef-layout--simple\" style=\"color: #15141C;font-size: 26px;font-weight: 700\">T\u00e9l\u00e9phone<\/h3>\n\t\t<\/div>\n\t\t\t\t<\/div>\n\t\t\t\t<div class=\"elementor-element elementor-element-155bbe4 elementor-widget elementor-widget-text-editor\" data-id=\"155bbe4\" data-element_type=\"widget\" data-widget_type=\"text-editor.default\">\n\t\t\t\t<div class=\"elementor-widget-container\">\n\t\t\t\t\t\t\t<p><a href=\"tel:+33477651246\">04 77 65 12 46<\/a><\/p>\t\t\t\t\t\t<\/div>\n\t\t\t\t<\/div>\n\t\t\t\t<\/div>\n\t\t<div class=\"elementor-element elementor-element-0d2b86c e-con-full e-flex e-con e-child\" data-id=\"0d2b86c\" data-element_type=\"container\">\n\t\t\t\t<div class=\"elementor-element elementor-element-f01cfbd elementor-widget elementor-widget-manufaktursolutions_core_custom_font\" data-id=\"f01cfbd\" data-element_type=\"widget\" data-widget_type=\"manufaktursolutions_core_custom_font.default\">\n\t\t\t\t<div class=\"elementor-widget-container\">\n\t\t\t<h3 class=\"qodef-shortcode qodef-m  qodef-custom-font qodef-custom-font-407 qodef-layout--simple\" style=\"color: #15141C;font-size: 26px;font-weight: 700\">SOCIAL<\/h3>\n\t\t<\/div>\n\t\t\t\t<\/div>\n\t\t\t\t<div class=\"elementor-element elementor-element-2cc505a elementor-widget elementor-widget-wp-widget-manufaktursolutions_core_social_icons_group\" data-id=\"2cc505a\" data-element_type=\"widget\" data-widget_type=\"wp-widget-manufaktursolutions_core_social_icons_group.default\">\n\t\t\t\t<div class=\"elementor-widget-container\">\n\t\t\t\t\t\t<div class=\"qodef-social-icons-group\">\n\t\t\t\t<span class=\"qodef-shortcode qodef-m  qodef-icon-holder  qodef-layout--normal\" data-hover-color=\"var(--e-global-color-accent)\" style=\"margin: 10px\">\t\t\t<a itemprop=\"url\" href=\"https:\/\/fr.linkedin.com\/company\/ael-groupe\" target=\"_blank\" rel=\"nofollow noopener\">\t\t\t<span class=\"qodef-icon-font-awesome fab fa-linkedin qodef-icon qodef-e\" style=\"color: var(--e-global-color-text);font-size: 22px\" ><\/span>\t\t\t<\/a>\t<\/span><span class=\"qodef-shortcode qodef-m  qodef-icon-holder  qodef-layout--normal\" data-hover-color=\"va(--e-global-color-accent)\" style=\"margin: 10px\">\t\t\t<a itemprop=\"url\" href=\"https:\/\/viadeo.journaldunet.com\/p\/frederic-miramand-5228705\" target=\"_blank\" rel=\"nofollow noopener\">\t\t\t<span class=\"qodef-icon-ionicons ion-md-link qodef-icon qodef-e\" style=\"color: var(--e-global-color-text);font-size: 22px\" ><\/span>\t\t\t<\/a>\t<\/span>\t\t\t<\/div>\n\t\t\t\t\t<\/div>\n\t\t\t\t<\/div>\n\t\t\t\t<\/div>\n\t\t\t\t<\/div>\n\t\t<div class=\"elementor-element elementor-element-17fbdaf e-con-full e-flex e-con e-child\" data-id=\"17fbdaf\" data-element_type=\"container\">\n\t\t<a class=\"elementor-element elementor-element-6caae7e e-con-full e-flex e-con e-child\" data-id=\"6caae7e\" data-element_type=\"container\" href=\"https:\/\/www.linkedin.com\/company\/arvelec-ael-groupe\/\" target=\"_blank\" rel=\"nofollow noopener\">\n\t\t\t\t<div class=\"elementor-element elementor-element-15e33b3 elementor-widget elementor-widget-manufaktursolutions_core_custom_font\" data-id=\"15e33b3\" data-element_type=\"widget\" data-widget_type=\"manufaktursolutions_core_custom_font.default\">\n\t\t\t\t<div class=\"elementor-widget-container\">\n\t\t\t<h3 class=\"qodef-shortcode qodef-m  qodef-custom-font qodef-custom-font-468 qodef-layout--simple\" style=\"color: #15141C;font-size: 26px;font-weight: 700\">ARVELEC<\/h3>\n\t\t<\/div>\n\t\t\t\t<\/div>\n\t\t\t\t<div class=\"elementor-element elementor-element-016146f elementor-widget elementor-widget-wp-widget-manufaktursolutions_core_social_icons_group\" data-id=\"016146f\" data-element_type=\"widget\" data-widget_type=\"wp-widget-manufaktursolutions_core_social_icons_group.default\">\n\t\t\t\t<div class=\"elementor-widget-container\">\n\t\t\t\t\t\t<div class=\"qodef-social-icons-group\">\n\t\t\t\t<span class=\"qodef-shortcode qodef-m  qodef-icon-holder  qodef-layout--normal\" data-hover-color=\"var(--e-global-color-accent)\" style=\"margin: 10px\">\t\t\t<span class=\"qodef-icon-font-awesome fab fa-linkedin qodef-icon qodef-e\" style=\"color: var(--e-global-color-text);font-size: 22px\" ><\/span>\t<\/span>\t\t\t<\/div>\n\t\t\t\t\t<\/div>\n\t\t\t\t<\/div>\n\t\t\t\t<\/a>\n\t\t<a class=\"elementor-element elementor-element-5e980dc e-con-full e-flex e-con e-child\" data-id=\"5e980dc\" data-element_type=\"container\" href=\"https:\/\/fr.linkedin.com\/company\/ael-groupe\" target=\"_blank\" rel=\"nofollow noopener\">\n\t\t\t\t<div class=\"elementor-element elementor-element-c851caf elementor-widget elementor-widget-manufaktursolutions_core_custom_font\" data-id=\"c851caf\" data-element_type=\"widget\" data-widget_type=\"manufaktursolutions_core_custom_font.default\">\n\t\t\t\t<div class=\"elementor-widget-container\">\n\t\t\t<h3 class=\"qodef-shortcode qodef-m  qodef-custom-font qodef-custom-font-503 qodef-layout--simple\" style=\"color: #15141C;font-size: 26px;font-weight: 700\">AEL \u00e9lectronique<\/h3>\n\t\t<\/div>\n\t\t\t\t<\/div>\n\t\t\t\t<div class=\"elementor-element elementor-element-cc4eacb elementor-widget elementor-widget-wp-widget-manufaktursolutions_core_social_icons_group\" data-id=\"cc4eacb\" data-element_type=\"widget\" data-widget_type=\"wp-widget-manufaktursolutions_core_social_icons_group.default\">\n\t\t\t\t<div class=\"elementor-widget-container\">\n\t\t\t\t\t\t<div class=\"qodef-social-icons-group\">\n\t\t\t\t<span class=\"qodef-shortcode qodef-m  qodef-icon-holder  qodef-layout--normal\" data-hover-color=\"var(--e-global-color-accent)\" style=\"margin: 10px\">\t\t\t<span class=\"qodef-icon-font-awesome fab fa-linkedin qodef-icon qodef-e\" style=\"color: var(--e-global-color-text);font-size: 22px\" ><\/span>\t<\/span>\t\t\t<\/div>\n\t\t\t\t\t<\/div>\n\t\t\t\t<\/div>\n\t\t\t\t<\/a>\n\t\t<a class=\"elementor-element elementor-element-397c6ee e-con-full e-flex e-con e-child\" data-id=\"397c6ee\" data-element_type=\"container\" href=\"https:\/\/www.linkedin.com\/company\/celyss-electronic-innovation\/\" target=\"_blank\" rel=\"nofollow noopener\">\n\t\t\t\t<div class=\"elementor-element elementor-element-0eabc96 elementor-widget elementor-widget-manufaktursolutions_core_custom_font\" data-id=\"0eabc96\" data-element_type=\"widget\" data-widget_type=\"manufaktursolutions_core_custom_font.default\">\n\t\t\t\t<div class=\"elementor-widget-container\">\n\t\t\t<h3 class=\"qodef-shortcode qodef-m  qodef-custom-font qodef-custom-font-347 qodef-layout--simple\" style=\"color: #15141C;font-size: 26px;font-weight: 700\">CELYSS<\/h3>\n\t\t<\/div>\n\t\t\t\t<\/div>\n\t\t\t\t<div class=\"elementor-element elementor-element-96a6014 elementor-widget elementor-widget-wp-widget-manufaktursolutions_core_social_icons_group\" data-id=\"96a6014\" data-element_type=\"widget\" data-widget_type=\"wp-widget-manufaktursolutions_core_social_icons_group.default\">\n\t\t\t\t<div class=\"elementor-widget-container\">\n\t\t\t\t\t\t<div class=\"qodef-social-icons-group\">\n\t\t\t\t<span class=\"qodef-shortcode qodef-m  qodef-icon-holder  qodef-layout--normal\" data-hover-color=\"var(--e-global-color-accent)\" style=\"margin: 10px\">\t\t\t<span class=\"qodef-icon-font-awesome fab fa-linkedin qodef-icon qodef-e\" style=\"color: var(--e-global-color-text);font-size: 22px\" ><\/span>\t<\/span>\t\t\t<\/div>\n\t\t\t\t\t<\/div>\n\t\t\t\t<\/div>\n\t\t\t\t<\/a>\n\t\t<a class=\"elementor-element elementor-element-6fb0a11 e-con-full e-flex e-con e-child\" data-id=\"6fb0a11\" data-element_type=\"container\" href=\"https:\/\/www.linkedin.com\/company\/seccom-electronique\/\" target=\"_blank\" rel=\"nofollow noopener\">\n\t\t\t\t<div class=\"elementor-element elementor-element-954a743 elementor-widget elementor-widget-manufaktursolutions_core_custom_font\" data-id=\"954a743\" data-element_type=\"widget\" data-widget_type=\"manufaktursolutions_core_custom_font.default\">\n\t\t\t\t<div class=\"elementor-widget-container\">\n\t\t\t<h3 class=\"qodef-shortcode qodef-m  qodef-custom-font qodef-custom-font-698 qodef-layout--simple\" style=\"color: #15141C;font-size: 26px;font-weight: 700\">SECCOM<\/h3>\n\t\t<\/div>\n\t\t\t\t<\/div>\n\t\t\t\t<div class=\"elementor-element elementor-element-6101c70 elementor-widget elementor-widget-wp-widget-manufaktursolutions_core_social_icons_group\" data-id=\"6101c70\" data-element_type=\"widget\" data-widget_type=\"wp-widget-manufaktursolutions_core_social_icons_group.default\">\n\t\t\t\t<div class=\"elementor-widget-container\">\n\t\t\t\t\t\t<div class=\"qodef-social-icons-group\">\n\t\t\t\t<span class=\"qodef-shortcode qodef-m  qodef-icon-holder  qodef-layout--normal\" data-hover-color=\"var(--e-global-color-accent)\" style=\"margin: 10px\">\t\t\t<span class=\"qodef-icon-font-awesome fab fa-linkedin qodef-icon qodef-e\" style=\"color: var(--e-global-color-text);font-size: 22px\" ><\/span>\t<\/span>\t\t\t<\/div>\n\t\t\t\t\t<\/div>\n\t\t\t\t<\/div>\n\t\t\t\t<\/a>\n\t\t\t\t<\/div>\n\t\t\t\t<\/div>\n\t\t<div class=\"elementor-element elementor-element-afd9fce e-con-full e-flex e-con e-child\" data-id=\"afd9fce\" data-element_type=\"container\" data-settings=\"{&quot;background_background&quot;:&quot;classic&quot;}\">\n\t\t\t\t<\/div>\n\t\t\t\t<\/div>\n\t\t<div class=\"elementor-element elementor-element-cc6b78f e-flex e-con-boxed elementor-invisible e-con e-parent\" data-id=\"cc6b78f\" data-element_type=\"container\" data-settings=\"{&quot;background_background&quot;:&quot;classic&quot;,&quot;animation&quot;:&quot;fadeInUp&quot;}\">\n\t\t\t\t\t<div class=\"e-con-inner\">\n\t\t\t\t<div class=\"elementor-element elementor-element-945af8f elementor-widget elementor-widget-qi_addons_for_elementor_section_title\" data-id=\"945af8f\" data-element_type=\"widget\" data-widget_type=\"qi_addons_for_elementor_section_title.default\">\n\t\t\t\t<div class=\"elementor-widget-container\">\n\t\t\t<div class=\"qodef-shortcode qodef-m  qodef-qi-section-title  qodef-decoration--italic  qodef-link--underline-draw qodef-subtitle-icon--left\">\n\t\t\t\t<h5 class=\"qodef-m-subtitle\">\n\t\tActualit\u00e9s\t\t\t<\/h5>\n\t\t\t<h2 class=\"qodef-m-title\">\n\t\tNouveaut\u00e9s\t<\/h2>\n\t\t\t<\/div>\n\t\t<\/div>\n\t\t\t\t<\/div>\n\t\t\t\t<div class=\"elementor-element elementor-element-458d7c3 small-h3 elementor-widget elementor-widget-manufaktursolutions_core_blog_list\" data-id=\"458d7c3\" data-element_type=\"widget\" data-widget_type=\"manufaktursolutions_core_blog_list.default\">\n\t\t\t\t<div class=\"elementor-widget-container\">\n\t\t\t<div class=\"qodef-shortcode qodef-m  qodef-blog qodef-item-layout--metro qodef-enable-top-border--yes  qodef-grid qodef-swiper-container  qodef-gutter--large qodef-col-num--4 qodef-item-layout--metro qodef--no-bottom-space qodef-pagination--off qodef-responsive--custom qodef-col-num--1440--4 qodef-col-num--1366--4 qodef-col-num--1024--2 qodef-col-num--768--2 qodef-col-num--680--2 qodef-col-num--480--1 qodef-swiper--show-pagination\" data-options=\"{&quot;slidesPerView&quot;:&quot;4&quot;,&quot;spaceBetween&quot;:50,&quot;loop&quot;:true,&quot;autoplay&quot;:true,&quot;speed&quot;:&quot;&quot;,&quot;speedAnimation&quot;:&quot;&quot;,&quot;slideAnimation&quot;:&quot;&quot;,&quot;direction&quot;:&quot;&quot;,&quot;centeredSlides&quot;:false,&quot;sliderScroll&quot;:false,&quot;loopAdditionalSlides&quot;:&quot;&quot;,&quot;customStages&quot;:true,&quot;slidesPerView1440&quot;:&quot;4&quot;,&quot;slidesPerView1366&quot;:&quot;4&quot;,&quot;slidesPerView1024&quot;:&quot;2&quot;,&quot;slidesPerView768&quot;:&quot;2&quot;,&quot;slidesPerView680&quot;:&quot;2&quot;,&quot;slidesPerView480&quot;:&quot;1&quot;}\">\n\t<div class=\"swiper-wrapper\">\n\t\t<p class=\"qodef-m-posts-not-found qodef-grid-item\">No posts were found for provided query parameters.<\/p>\n\t<\/div>\n\t\t<div class=\"swiper-button-prev \"><svg class=\"qodef-svg--slider-arrow-left\" xmlns=\"http:\/\/www.w3.org\/2000\/svg\" width=\"17.65\" height=\"13.1\"\n     viewBox=\"0 0 17.65 13.1\"><path d=\"m5.9 0 1.275 1.275L3.55 4.9l-.85.575.1.3 1.025-.125H17.65v1.825H3.825L2.8 7.325l-.1.3.85.575 3.625 3.625L5.9 13.1 0 7.2V5.9Z\"\n\t      fill=\"#fff\"\/><path d=\"m5.9 0 1.275 1.275L3.55 4.9l-.85.575.1.3 1.025-.125H17.65v1.825H3.825L2.8 7.325l-.1.3.85.575 3.625 3.625L5.9 13.1 0 7.2V5.9Z\"\n\t      fill=\"#fff\"\/><\/svg><\/div>\n\t<div class=\"swiper-button-next \"><svg class=\"qodef-svg--slider-arrow-right\" xmlns=\"http:\/\/www.w3.org\/2000\/svg\" width=\"17.65\" height=\"13.1\"\n     viewBox=\"0 0 17.65 13.1\"><path d=\"m11.75 13.1-1.275-1.275L14.1 8.2l.85-.575-.1-.3-1.025.125H0V5.625h13.825l1.025.15.1-.3-.85-.575-3.625-3.625L11.75 0l5.9 5.9v1.3Z\"\n\t      fill=\"#fff\"\/><path d=\"m11.75 13.1-1.275-1.275L14.1 8.2l.85-.575-.1-.3-1.025.125H0V5.625h13.825l1.025.15.1-.3-.85-.575-3.625-3.625L11.75 0l5.9 5.9v1.3Z\"\n\t      fill=\"#fff\"\/><\/svg><\/div>\n\t\t<div class=\"swiper-pagination\"><\/div>\n<\/div>\n\t\t<\/div>\n\t\t\t\t<\/div>\n\t\t\t\t\t<\/div>\n\t\t\t\t<\/div>\n\t\t\t\t<\/div>\n\t\t","protected":false},"excerpt":{"rendered":"<p>Contact Nous sommes \u00e0 votre disposition pour r\u00e9pondre \u00e0 vos demandes, questions et opportunit\u00e9s de collaboration. Votre contact est pr\u00e9cieux, et nous sommes ici pour vous fournir notre expertise et notre soutien. Contact Contactez Nous Notre Adresse AEL GroupeChampoly 42430, France EMAIL contact@aelgroupe.fr T\u00e9l\u00e9phone 04 77 65 12 46 SOCIAL ARVELEC AEL \u00e9lectronique CELYSS SECCOM [&hellip;]<\/p>\n","protected":false},"author":1,"featured_media":0,"parent":0,"menu_order":0,"comment_status":"closed","ping_status":"closed","template":"page-full-width.php","meta":{"footnotes":""},"class_list":["post-8401","page","type-page","status-publish","hentry"],"_links":{"self":[{"href":"https:\/\/www.aelgroupe.fr\/fr\/wp-json\/wp\/v2\/pages\/8401","targetHints":{"allow":["GET"]}}],"collection":[{"href":"https:\/\/www.aelgroupe.fr\/fr\/wp-json\/wp\/v2\/pages"}],"about":[{"href":"https:\/\/www.aelgroupe.fr\/fr\/wp-json\/wp\/v2\/types\/page"}],"author":[{"embeddable":true,"href":"https:\/\/www.aelgroupe.fr\/fr\/wp-json\/wp\/v2\/users\/1"}],"replies":[{"embeddable":true,"href":"https:\/\/www.aelgroupe.fr\/fr\/wp-json\/wp\/v2\/comments?post=8401"}],"version-history":[{"count":137,"href":"https:\/\/www.aelgroupe.fr\/fr\/wp-json\/wp\/v2\/pages\/8401\/revisions"}],"predecessor-version":[{"id":11523,"href":"https:\/\/www.aelgroupe.fr\/fr\/wp-json\/wp\/v2\/pages\/8401\/revisions\/11523"}],"wp:attachment":[{"href":"https:\/\/www.aelgroupe.fr\/fr\/wp-json\/wp\/v2\/media?parent=8401"}],"curies":[{"name":"wp","href":"https:\/\/api.w.org\/{rel}","templated":true}]}}