{"id":8399,"date":"2023-06-15T10:52:11","date_gmt":"2023-06-15T10:52:11","guid":{"rendered":"http:\/\/ael.sc2yjuj7508.universe.wf\/?page_id=8399"},"modified":"2024-10-11T09:23:27","modified_gmt":"2024-10-11T09:23:27","slug":"qse-environnementale","status":"publish","type":"page","link":"https:\/\/www.aelgroupe.fr\/fr\/qse-environnementale\/","title":{"rendered":"Normes &#038; QSE"},"content":{"rendered":"\t\t<div data-elementor-type=\"wp-page\" data-elementor-id=\"8399\" class=\"elementor elementor-8399\">\n\t\t\t\t<div class=\"elementor-element elementor-element-0abafb1 e-con-full e-flex e-con e-parent\" data-id=\"0abafb1\" data-element_type=\"container\" data-settings=\"{&quot;background_background&quot;:&quot;classic&quot;}\">\n\t\t\t\t<div class=\"elementor-element elementor-element-e390470 elementor-widget__width-initial elementor-widget-mobile__width-inherit elementor-widget elementor-widget-text-editor\" data-id=\"e390470\" data-element_type=\"widget\" data-widget_type=\"text-editor.default\">\n\t\t\t\t<div class=\"elementor-widget-container\">\n\t\t\t\t\t\t\t<p>UN ENGAGEMENT DEPUIS 1982 ET UNE CERTIFICATION ISO9001 DEPUIS 1994.<\/p>\t\t\t\t\t\t<\/div>\n\t\t\t\t<\/div>\n\t\t\t\t<div class=\"elementor-element elementor-element-49a2ef8 elementor-widget elementor-widget-text-editor\" data-id=\"49a2ef8\" data-element_type=\"widget\" data-widget_type=\"text-editor.default\">\n\t\t\t\t<div class=\"elementor-widget-container\">\n\t\t\t\t\t\t\t<p>Nous accordons une importance primordiale \u00e0 la gestion de la qualit\u00e9, de la s\u00e9curit\u00e9 et de l\u2019environnement (QSE).<\/p><p>Nous veillons \u00e0 ce que nos activit\u00e9s respectent les exigences l\u00e9gales et r\u00e9glementaires, garantissant ainsi la satisfaction de nos clients.<\/p>\t\t\t\t\t\t<\/div>\n\t\t\t\t<\/div>\n\t\t<div class=\"elementor-element elementor-element-8eccb7e e-flex e-con-boxed e-con e-child\" data-id=\"8eccb7e\" data-element_type=\"container\">\n\t\t\t\t\t<div class=\"e-con-inner\">\n\t\t<a class=\"elementor-element elementor-element-50f8190 e-con-full business-sector link e-flex e-con e-child\" data-id=\"50f8190\" data-element_type=\"container\" href=\"#qualite\">\n\t\t\t\t<div class=\"elementor-element elementor-element-41d99ee7 elementor-widget__width-inherit elementor-widget-mobile__width-initial sector-name elementor-widget elementor-widget-qi_addons_for_elementor_animated_text\" data-id=\"41d99ee7\" data-element_type=\"widget\" data-widget_type=\"qi_addons_for_elementor_animated_text.default\">\n\t\t\t\t<div class=\"elementor-widget-container\">\n\t\t\t<div class=\"qodef-shortcode qodef-m  qodef-qi-animated-text  qodef--alignment-center qodef-qi--has-appear qodef--appear-from-bottom\" >\n\t\t<p class=\"qodef-m-title\">\n\t\tQualit\u00e9\t<\/p>\n<\/div>\n\t\t<\/div>\n\t\t\t\t<\/div>\n\t\t\t\t<\/a>\n\t\t<a class=\"elementor-element elementor-element-8531829 e-con-full business-sector link e-flex e-con e-child\" data-id=\"8531829\" data-element_type=\"container\" href=\"#securite\">\n\t\t\t\t<div class=\"elementor-element elementor-element-18d63528 elementor-widget__width-inherit elementor-widget-mobile__width-initial sector-name elementor-widget elementor-widget-qi_addons_for_elementor_animated_text\" data-id=\"18d63528\" data-element_type=\"widget\" data-widget_type=\"qi_addons_for_elementor_animated_text.default\">\n\t\t\t\t<div class=\"elementor-widget-container\">\n\t\t\t<div class=\"qodef-shortcode qodef-m  qodef-qi-animated-text  qodef--alignment-center qodef-qi--has-appear qodef--appear-from-bottom\" >\n\t\t<p class=\"qodef-m-title\">\n\t\tS\u00e9curit\u00e9\t<\/p>\n<\/div>\n\t\t<\/div>\n\t\t\t\t<\/div>\n\t\t\t\t<\/a>\n\t\t<a class=\"elementor-element elementor-element-665eab2 e-con-full business-sector link e-flex e-con e-child\" data-id=\"665eab2\" data-element_type=\"container\" href=\"#environnement\">\n\t\t\t\t<div class=\"elementor-element elementor-element-50df2267 elementor-widget__width-inherit elementor-widget-mobile__width-initial sector-name elementor-widget elementor-widget-qi_addons_for_elementor_animated_text\" data-id=\"50df2267\" data-element_type=\"widget\" data-widget_type=\"qi_addons_for_elementor_animated_text.default\">\n\t\t\t\t<div class=\"elementor-widget-container\">\n\t\t\t<div class=\"qodef-shortcode qodef-m  qodef-qi-animated-text  qodef--alignment-center qodef-qi--has-appear qodef--appear-from-bottom\" >\n\t\t<p class=\"qodef-m-title\">\n\t\tEnvironnement\t<\/p>\n<\/div>\n\t\t<\/div>\n\t\t\t\t<\/div>\n\t\t\t\t<\/a>\n\t\t\t\t\t<\/div>\n\t\t\t\t<\/div>\n\t\t\t\t<\/div>\n\t\t<div class=\"elementor-element elementor-element-c081db9 e-flex e-con-boxed e-con e-parent\" data-id=\"c081db9\" data-element_type=\"container\" id=\"qualite\">\n\t\t\t\t\t<div class=\"e-con-inner\">\n\t\t<div class=\"elementor-element elementor-element-98225a9 e-con-full e-flex e-con e-child\" data-id=\"98225a9\" data-element_type=\"container\">\n\t\t\t\t<div class=\"elementor-element elementor-element-864494c elementor-invisible elementor-widget elementor-widget-qi_addons_for_elementor_parallax_images\" data-id=\"864494c\" data-element_type=\"widget\" data-settings=\"{&quot;_animation&quot;:&quot;fadeIn&quot;}\" data-widget_type=\"qi_addons_for_elementor_parallax_images.default\">\n\t\t\t\t<div class=\"elementor-widget-container\">\n\t\t\t<div class=\"qodef-shortcode qodef-m  qodef-qi-parallax-images qodef-layout--default\">\n\t<div class=\"qodef-m-images\">\n\t\t<div class=\"qodef-e-main-image-holder\">\n\t\t\t<div class=\"qodef-e-main-image-zoom-holder\">\n\t\t\t\t\t\t\t\t\t<div class=\"qodef-e-main-image\" data-parallax-main=\"1\">\n\t\t\t\t\t\t<img fetchpriority=\"high\" decoding=\"async\" width=\"1920\" height=\"1080\" src=\"https:\/\/www.aelgroupe.fr\/wp-content\/uploads\/2023\/08\/QSE-SECURITE-.webp\" class=\"attachment-full size-full\" alt=\"\" srcset=\"https:\/\/www.aelgroupe.fr\/wp-content\/uploads\/2023\/08\/QSE-SECURITE-.webp 1920w, https:\/\/www.aelgroupe.fr\/wp-content\/uploads\/2023\/08\/QSE-SECURITE--300x169.webp 300w, https:\/\/www.aelgroupe.fr\/wp-content\/uploads\/2023\/08\/QSE-SECURITE--1024x576.webp 1024w, https:\/\/www.aelgroupe.fr\/wp-content\/uploads\/2023\/08\/QSE-SECURITE--768x432.webp 768w, https:\/\/www.aelgroupe.fr\/wp-content\/uploads\/2023\/08\/QSE-SECURITE--1536x864.webp 1536w\" sizes=\"(max-width: 1920px) 100vw, 1920px\" \/>\t\t\t\t\t<\/div>\n\t\t\t\t\t\t\t<\/div>\n\t\t<\/div>\n\t\t\t\t\t\t\t\t\t\t\t\t\t<div class=\"qodef-e-parallax-image qodef-position--top-right elementor-repeater-item-59615fe\" >\n\t\t\t\t\t\t\t\t\t<\/div>\n\t\t\t\t\t\t<\/div>\n<\/div>\n\t\t<\/div>\n\t\t\t\t<\/div>\n\t\t<div class=\"elementor-element elementor-element-eb39054 e-con-full e-flex e-con e-child\" data-id=\"eb39054\" data-element_type=\"container\">\n\t\t\t\t<div class=\"elementor-element elementor-element-879713e elementor-invisible elementor-widget elementor-widget-qi_addons_for_elementor_parallax_images\" data-id=\"879713e\" data-element_type=\"widget\" data-settings=\"{&quot;_animation&quot;:&quot;fadeIn&quot;}\" data-widget_type=\"qi_addons_for_elementor_parallax_images.default\">\n\t\t\t\t<div class=\"elementor-widget-container\">\n\t\t\t<div class=\"qodef-shortcode qodef-m  qodef-qi-parallax-images qodef-layout--default\">\n\t<div class=\"qodef-m-images\">\n\t\t<div class=\"qodef-e-main-image-holder\">\n\t\t\t<div class=\"qodef-e-main-image-zoom-holder\">\n\t\t\t\t\t\t\t\t\t<div class=\"qodef-e-main-image\" data-parallax-main=\"1\">\n\t\t\t\t\t\t<img decoding=\"async\" width=\"1920\" height=\"1080\" src=\"https:\/\/www.aelgroupe.fr\/wp-content\/uploads\/2023\/10\/Untitled-1Qualite.webp\" class=\"attachment-full size-full\" alt=\"\" srcset=\"https:\/\/www.aelgroupe.fr\/wp-content\/uploads\/2023\/10\/Untitled-1Qualite.webp 1920w, https:\/\/www.aelgroupe.fr\/wp-content\/uploads\/2023\/10\/Untitled-1Qualite-300x169.webp 300w, https:\/\/www.aelgroupe.fr\/wp-content\/uploads\/2023\/10\/Untitled-1Qualite-1024x576.webp 1024w, https:\/\/www.aelgroupe.fr\/wp-content\/uploads\/2023\/10\/Untitled-1Qualite-768x432.webp 768w, https:\/\/www.aelgroupe.fr\/wp-content\/uploads\/2023\/10\/Untitled-1Qualite-1536x864.webp 1536w\" sizes=\"(max-width: 1920px) 100vw, 1920px\" \/>\t\t\t\t\t<\/div>\n\t\t\t\t\t\t\t<\/div>\n\t\t<\/div>\n\t\t\t\t\t\t\t\t\t\t\t\t\t<div class=\"qodef-e-parallax-image qodef-position--top-right elementor-repeater-item-59615fe\" >\n\t\t\t\t\t\t\t\t\t<\/div>\n\t\t\t\t\t\t<\/div>\n<\/div>\n\t\t<\/div>\n\t\t\t\t<\/div>\n\t\t\t\t<\/div>\n\t\t\t\t<\/div>\n\t\t<div class=\"elementor-element elementor-element-6298587 e-con-full e-flex e-con e-child\" data-id=\"6298587\" data-element_type=\"container\">\n\t\t\t\t<div class=\"elementor-element elementor-element-3ef4ba8 elementor-widget elementor-widget-heading\" data-id=\"3ef4ba8\" data-element_type=\"widget\" data-widget_type=\"heading.default\">\n\t\t\t\t<div class=\"elementor-widget-container\">\n\t\t\t<h2 class=\"elementor-heading-title elementor-size-default\">QUALIT\u00c9<\/h2>\t\t<\/div>\n\t\t\t\t<\/div>\n\t\t\t\t<div class=\"elementor-element elementor-element-b688738 elementor-widget elementor-widget-text-editor\" data-id=\"b688738\" data-element_type=\"widget\" data-widget_type=\"text-editor.default\">\n\t\t\t\t<div class=\"elementor-widget-container\">\n\t\t\t\t\t\t\t<p>Pour atteindre ces objectifs, Le Groupe AEL a mis en place un syst\u00e8me de management de la qualit\u00e9 bas\u00e9 sur la norme internationale ISO9001 et sur les normes\/r\u00e9glementations m\u00e9tiers comme IPC-A-610 \/ IPC-A-620.<\/p>\t\t\t\t\t\t<\/div>\n\t\t\t\t<\/div>\n\t\t<div class=\"elementor-element elementor-element-dfc5648 e-con-full e-flex e-con e-child\" data-id=\"dfc5648\" data-element_type=\"container\">\n\t\t<div class=\"elementor-element elementor-element-e06cfcb e-con-full e-flex e-con e-child\" data-id=\"e06cfcb\" data-element_type=\"container\">\n\t\t\t\t<div class=\"elementor-element elementor-element-7d87dab elementor-widget elementor-widget-image\" data-id=\"7d87dab\" data-element_type=\"widget\" data-widget_type=\"image.default\">\n\t\t\t\t<div class=\"elementor-widget-container\">\n\t\t\t\t\t\t\t\t\t\t\t\t\t<img decoding=\"async\" width=\"500\" height=\"135\" src=\"https:\/\/www.aelgroupe.fr\/wp-content\/uploads\/2024\/06\/ael-ipc-build-electronics-better.webp\" class=\"attachment-full size-full wp-image-11962\" alt=\"\" srcset=\"https:\/\/www.aelgroupe.fr\/wp-content\/uploads\/2024\/06\/ael-ipc-build-electronics-better.webp 500w, https:\/\/www.aelgroupe.fr\/wp-content\/uploads\/2024\/06\/ael-ipc-build-electronics-better-300x81.webp 300w, https:\/\/www.aelgroupe.fr\/wp-content\/uploads\/2024\/06\/ael-ipc-build-electronics-better-18x5.webp 18w\" sizes=\"(max-width: 500px) 100vw, 500px\" \/>\t\t\t\t\t\t\t\t\t\t\t\t\t<\/div>\n\t\t\t\t<\/div>\n\t\t\t\t<\/div>\n\t\t<div class=\"elementor-element elementor-element-ae3a4ac e-con-full e-flex e-con e-child\" data-id=\"ae3a4ac\" data-element_type=\"container\">\n\t\t\t\t<div class=\"elementor-element elementor-element-476da82 elementor-widget elementor-widget-image\" data-id=\"476da82\" data-element_type=\"widget\" data-widget_type=\"image.default\">\n\t\t\t\t<div class=\"elementor-widget-container\">\n\t\t\t\t\t\t\t\t\t\t\t\t\t<img loading=\"lazy\" decoding=\"async\" width=\"500\" height=\"239\" src=\"https:\/\/www.aelgroupe.fr\/wp-content\/uploads\/2024\/06\/ael-groupe-certification-iso-9001-2015-e1720083053689.webp\" class=\"attachment-full size-full wp-image-11964\" alt=\"\" srcset=\"https:\/\/www.aelgroupe.fr\/wp-content\/uploads\/2024\/06\/ael-groupe-certification-iso-9001-2015-e1720083053689.webp 500w, https:\/\/www.aelgroupe.fr\/wp-content\/uploads\/2024\/06\/ael-groupe-certification-iso-9001-2015-e1720083053689-300x143.webp 300w, https:\/\/www.aelgroupe.fr\/wp-content\/uploads\/2024\/06\/ael-groupe-certification-iso-9001-2015-e1720083053689-18x9.webp 18w\" sizes=\"(max-width: 500px) 100vw, 500px\" \/>\t\t\t\t\t\t\t\t\t\t\t\t\t<\/div>\n\t\t\t\t<\/div>\n\t\t\t\t<\/div>\n\t\t\t\t<\/div>\n\t\t\t\t<div class=\"elementor-element elementor-element-4fbf18d elementor-widget elementor-widget-text-editor\" data-id=\"4fbf18d\" data-element_type=\"widget\" data-widget_type=\"text-editor.default\">\n\t\t\t\t<div class=\"elementor-widget-container\">\n\t\t\t\t\t\t\t<p>Depuis 2022, nous avons int\u00e9gr\u00e9 un logiciel de management de notre SMQ.<\/p><p>Nous sensibilisons, formons et maintenons en comp\u00e9tences nos collaborateurs aux bonnes pratiques, pour assurer la conformit\u00e9 de nos activit\u00e9s et produits aux exigences sp\u00e9cifi\u00e9es.<\/p><p>Pour satisfaire les clients, le Groupe AEL est dans une d\u00e9marche continue d\u2019am\u00e9lioration de ses processus de fabrication, de contr\u00f4le et de test.<\/p>\t\t\t\t\t\t<\/div>\n\t\t\t\t<\/div>\n\t\t\t\t<\/div>\n\t\t\t\t\t<\/div>\n\t\t\t\t<\/div>\n\t\t<div class=\"elementor-element elementor-element-79509b9 animated-fast e-flex e-con-boxed elementor-invisible e-con e-parent\" data-id=\"79509b9\" data-element_type=\"container\" id=\"securite\" data-settings=\"{&quot;animation&quot;:&quot;fadeInUp&quot;}\">\n\t\t\t\t\t<div class=\"e-con-inner\">\n\t\t<div class=\"elementor-element elementor-element-68acfd8 e-con-full elementor-hidden-tablet elementor-hidden-mobile e-flex e-con e-child\" data-id=\"68acfd8\" data-element_type=\"container\" data-settings=\"{&quot;animation&quot;:&quot;none&quot;}\">\n\t\t\t\t<div class=\"elementor-element elementor-element-10d3020 outlined-title elementor-widget elementor-widget-qi_addons_for_elementor_section_title\" data-id=\"10d3020\" data-element_type=\"widget\" data-widget_type=\"qi_addons_for_elementor_section_title.default\">\n\t\t\t\t<div class=\"elementor-widget-container\">\n\t\t\t<div class=\"qodef-shortcode qodef-m  qodef-qi-section-title  qodef-decoration--italic  qodef-link--underline-draw qodef-subtitle-icon--left\">\n\t\t\t<p class=\"qodef-m-title\">\n\t\t120 +\t<\/p>\n\t\t\t\t<p class=\"qodef-m-subtitle\">\n\t\tCollaborateurs\t\t\t<\/p>\n\t\t\t<\/div>\n\t\t<\/div>\n\t\t\t\t<\/div>\n\t\t\t\t<div class=\"elementor-element elementor-element-d3e2f50 outlined-title elementor-widget elementor-widget-qi_addons_for_elementor_section_title\" data-id=\"d3e2f50\" data-element_type=\"widget\" data-widget_type=\"qi_addons_for_elementor_section_title.default\">\n\t\t\t\t<div class=\"elementor-widget-container\">\n\t\t\t<div class=\"qodef-shortcode qodef-m  qodef-qi-section-title  qodef-decoration--italic  qodef-link--underline-draw qodef-subtitle-icon--left\">\n\t\t\t<p class=\"qodef-m-title\">\n\t\t0 \t<\/p>\n\t\t\t\t<p class=\"qodef-m-subtitle\">\n\t\tAccidents majeurs depuis 1982\t\t\t<\/p>\n\t\t\t<\/div>\n\t\t<\/div>\n\t\t\t\t<\/div>\n\t\t\t\t<\/div>\n\t\t<div class=\"elementor-element elementor-element-7affeb9 e-con-full e-flex e-con e-child\" data-id=\"7affeb9\" data-element_type=\"container\" data-settings=\"{&quot;animation&quot;:&quot;none&quot;}\">\n\t\t\t\t<div class=\"elementor-element elementor-element-688322d elementor-widget elementor-widget-qi_addons_for_elementor_section_title\" data-id=\"688322d\" data-element_type=\"widget\" data-widget_type=\"qi_addons_for_elementor_section_title.default\">\n\t\t\t\t<div class=\"elementor-widget-container\">\n\t\t\t<div class=\"qodef-shortcode qodef-m  qodef-qi-section-title  qodef-decoration--italic  qodef-link--underline-draw qodef-subtitle-icon--left\">\n\t\t\t\t\t\t<h2 class=\"qodef-m-title\">\n\t\tS\u00c9CURIT\u00c9\t<\/h2>\n\t\t\t<\/div>\n\t\t<\/div>\n\t\t\t\t<\/div>\n\t\t\t\t<div class=\"elementor-element elementor-element-e1609be elementor-widget elementor-widget-text-editor\" data-id=\"e1609be\" data-element_type=\"widget\" data-widget_type=\"text-editor.default\">\n\t\t\t\t<div class=\"elementor-widget-container\">\n\t\t\t\t\t\t\t<p>La s\u00e9curit\u00e9 de nos collaborateurs est une responsabilit\u00e9 que nous prenons tr\u00e8s au s\u00e9rieux. La s\u00e9curit\u00e9 est un travail d&rsquo;\u00e9quipe.<\/p><p>La formation et la sensibilisation de nos collaborateurs sont au c\u0153ur de notre approche.<\/p>\t\t\t\t\t\t<\/div>\n\t\t\t\t<\/div>\n\t\t<div class=\"elementor-element elementor-element-42837ba e-con-full e-flex e-con e-child\" data-id=\"42837ba\" data-element_type=\"container\">\n\t\t\t\t<div class=\"elementor-element elementor-element-0eae8dc elementor-widget__width-initial elementor-widget elementor-widget-image\" data-id=\"0eae8dc\" data-element_type=\"widget\" data-widget_type=\"image.default\">\n\t\t\t\t<div class=\"elementor-widget-container\">\n\t\t\t\t\t\t\t\t\t\t\t\t\t<img loading=\"lazy\" decoding=\"async\" width=\"1024\" height=\"478\" src=\"https:\/\/www.aelgroupe.fr\/wp-content\/uploads\/2024\/07\/duerp-1024x478.png\" class=\"attachment-large size-large wp-image-12007\" alt=\"\" srcset=\"https:\/\/www.aelgroupe.fr\/wp-content\/uploads\/2024\/07\/duerp-1024x478.png 1024w, https:\/\/www.aelgroupe.fr\/wp-content\/uploads\/2024\/07\/duerp-300x140.png 300w, https:\/\/www.aelgroupe.fr\/wp-content\/uploads\/2024\/07\/duerp-768x359.png 768w, https:\/\/www.aelgroupe.fr\/wp-content\/uploads\/2024\/07\/duerp-18x8.png 18w, https:\/\/www.aelgroupe.fr\/wp-content\/uploads\/2024\/07\/duerp.png 1246w\" sizes=\"(max-width: 1024px) 100vw, 1024px\" \/>\t\t\t\t\t\t\t\t\t\t\t\t\t<\/div>\n\t\t\t\t<\/div>\n\t\t\t\t<div class=\"elementor-element elementor-element-364e3cd elementor-vertical-align-middle elementor-widget__width-initial elementor-widget elementor-widget-image-box\" data-id=\"364e3cd\" data-element_type=\"widget\" data-widget_type=\"image-box.default\">\n\t\t\t\t<div class=\"elementor-widget-container\">\n\t\t\t<div class=\"elementor-image-box-wrapper\"><div class=\"elementor-image-box-content\"><h3 class=\"elementor-image-box-title\">\"Ensemble, nous cr\u00e9ons un environnement dans lequel la protection de chacun est une priorit\u00e9 absolue.\"<\/h3><\/div><\/div>\t\t<\/div>\n\t\t\t\t<\/div>\n\t\t\t\t<\/div>\n\t\t\t\t<div class=\"elementor-element elementor-element-e4617e6 elementor-widget elementor-widget-text-editor\" data-id=\"e4617e6\" data-element_type=\"widget\" data-widget_type=\"text-editor.default\">\n\t\t\t\t<div class=\"elementor-widget-container\">\n\t\t\t\t\t\t\t<p>Nous veillons \u00e0 la conformit\u00e9 des r\u00e8gles de s\u00e9curit\u00e9, en signalant clairement les zones \u00e0 risques et en fournissant \u00e0 nos collaborateurs les \u00e9quipements de protection individuelle appropri\u00e9s.<\/p>\t\t\t\t\t\t<\/div>\n\t\t\t\t<\/div>\n\t\t\t\t<\/div>\n\t\t\t\t\t<\/div>\n\t\t\t\t<\/div>\n\t\t<div class=\"elementor-element elementor-element-d25217c e-con-full e-flex e-con e-parent\" data-id=\"d25217c\" data-element_type=\"container\" id=\"environnement\">\n\t\t<div class=\"elementor-element elementor-element-47dacab e-con-full animated-fast e-flex elementor-invisible e-con e-child\" data-id=\"47dacab\" data-element_type=\"container\" data-settings=\"{&quot;background_background&quot;:&quot;classic&quot;,&quot;animation&quot;:&quot;fadeInLeft&quot;}\">\n\t\t\t\t<div class=\"elementor-element elementor-element-e43788e elementor-widget elementor-widget-qi_addons_for_elementor_section_title\" data-id=\"e43788e\" data-element_type=\"widget\" data-widget_type=\"qi_addons_for_elementor_section_title.default\">\n\t\t\t\t<div class=\"elementor-widget-container\">\n\t\t\t<div class=\"qodef-shortcode qodef-m  qodef-qi-section-title  qodef-decoration--italic  qodef-link--underline-draw qodef-subtitle-icon--left\">\n\t\t\t\t\t\t<h2 class=\"qodef-m-title\">\n\t\tEnvironnement\t<\/h2>\n\t\t\t<\/div>\n\t\t<\/div>\n\t\t\t\t<\/div>\n\t\t\t\t<div class=\"elementor-element elementor-element-4016a28 elementor-vertical-align-middle elementor-widget elementor-widget-image-box\" data-id=\"4016a28\" data-element_type=\"widget\" data-widget_type=\"image-box.default\">\n\t\t\t\t<div class=\"elementor-widget-container\">\n\t\t\t<div class=\"elementor-image-box-wrapper\"><div class=\"elementor-image-box-content\"><h3 class=\"elementor-image-box-title\">\"La protection de l'environnement n'est pas l'affaire de quelques-uns, c'est la responsabilit\u00e9 de tous. Ensemble, nous pouvons faire la diff\u00e9rence pour un avenir durable.\"<\/h3><\/div><\/div>\t\t<\/div>\n\t\t\t\t<\/div>\n\t\t\t\t<div class=\"elementor-element elementor-element-569827e elementor-widget elementor-widget-text-editor\" data-id=\"569827e\" data-element_type=\"widget\" data-widget_type=\"text-editor.default\">\n\t\t\t\t<div class=\"elementor-widget-container\">\n\t\t\t\t\t\t\t<p>La sensibilisation des collaborateurs est un \u00e9l\u00e9ment cl\u00e9 de notre approche environnementale.<\/p>\n<p>Nous nous engageons \u00e0 respecter les exigences l\u00e9gales et r\u00e9glementaires applicables (REACH, RoHs,\u2026)<\/p>\n<p>Notre entreprise est r\u00e9solument engag\u00e9e \u00e0 prot\u00e9ger l\u2019environnement en adoptant des mesures concr\u00e8tes pour r\u00e9duire notre impact.&nbsp;Nous mettons en place des programmes de gestion des d\u00e9chets : Tri, collecte, traitements (via Trackd\u00e9chets).<\/p>\n<p>Nous croyons en la responsabilit\u00e9 collective de pr\u00e9server notre plan\u00e8te et nous travaillons activement pour promouvoir la durabilit\u00e9 et la pr\u00e9servation de l\u2019environnement dans tous nos processus et d\u00e9cisions d\u2019entreprise.<\/p>\t\t\t\t\t\t<\/div>\n\t\t\t\t<\/div>\n\t\t\t\t<\/div>\n\t\t<div class=\"elementor-element elementor-element-a84663c e-con-full animated-fast e-flex elementor-invisible e-con e-child\" data-id=\"a84663c\" data-element_type=\"container\" data-settings=\"{&quot;background_background&quot;:&quot;classic&quot;,&quot;animation&quot;:&quot;fadeInRight&quot;}\">\n\t\t\t\t<div class=\"elementor-element elementor-element-592dcdd elementor-widget elementor-widget-manufaktursolutions_core_separator\" data-id=\"592dcdd\" data-element_type=\"widget\" data-widget_type=\"manufaktursolutions_core_separator.default\">\n\t\t\t\t<div class=\"elementor-widget-container\">\n\t\t\t<div class=\"qodef-shortcode qodef-m  qodef-separator clear  \">\n\t<div class=\"qodef-m-line\" style=\"border-color: #02010100\"><\/div>\n<\/div>\n\t\t<\/div>\n\t\t\t\t<\/div>\n\t\t\t\t<\/div>\n\t\t\t\t<\/div>\n\t\t\t\t<\/div>\n\t\t","protected":false},"excerpt":{"rendered":"<p>UN ENGAGEMENT DEPUIS 1982 ET UNE CERTIFICATION ISO9001 DEPUIS 1994. Nous accordons une importance primordiale \u00e0 la gestion de la qualit\u00e9, de la s\u00e9curit\u00e9 et de l\u2019environnement (QSE). Nous veillons \u00e0 ce que nos activit\u00e9s respectent les exigences l\u00e9gales et r\u00e9glementaires, garantissant ainsi la satisfaction de nos clients. Qualit\u00e9 S\u00e9curit\u00e9 Environnement QUALIT\u00c9 Pour atteindre ces [&hellip;]<\/p>\n","protected":false},"author":1,"featured_media":0,"parent":0,"menu_order":0,"comment_status":"closed","ping_status":"closed","template":"page-full-width.php","meta":{"footnotes":""},"class_list":["post-8399","page","type-page","status-publish","hentry"],"_links":{"self":[{"href":"https:\/\/www.aelgroupe.fr\/fr\/wp-json\/wp\/v2\/pages\/8399","targetHints":{"allow":["GET"]}}],"collection":[{"href":"https:\/\/www.aelgroupe.fr\/fr\/wp-json\/wp\/v2\/pages"}],"about":[{"href":"https:\/\/www.aelgroupe.fr\/fr\/wp-json\/wp\/v2\/types\/page"}],"author":[{"embeddable":true,"href":"https:\/\/www.aelgroupe.fr\/fr\/wp-json\/wp\/v2\/users\/1"}],"replies":[{"embeddable":true,"href":"https:\/\/www.aelgroupe.fr\/fr\/wp-json\/wp\/v2\/comments?post=8399"}],"version-history":[{"count":267,"href":"https:\/\/www.aelgroupe.fr\/fr\/wp-json\/wp\/v2\/pages\/8399\/revisions"}],"predecessor-version":[{"id":12033,"href":"https:\/\/www.aelgroupe.fr\/fr\/wp-json\/wp\/v2\/pages\/8399\/revisions\/12033"}],"wp:attachment":[{"href":"https:\/\/www.aelgroupe.fr\/fr\/wp-json\/wp\/v2\/media?parent=8399"}],"curies":[{"name":"wp","href":"https:\/\/api.w.org\/{rel}","templated":true}]}}