{"id":8392,"date":"2023-06-15T10:49:15","date_gmt":"2023-06-15T10:49:15","guid":{"rendered":"http:\/\/ael.sc2yjuj7508.universe.wf\/?page_id=8392"},"modified":"2024-10-11T17:14:50","modified_gmt":"2024-10-11T17:14:50","slug":"recrutement","status":"publish","type":"page","link":"https:\/\/www.aelgroupe.fr\/en\/recrutement\/","title":{"rendered":"Recruitment"},"content":{"rendered":"<div data-elementor-type=\"wp-page\" data-elementor-id=\"8392\" class=\"elementor elementor-8392\">\n\t\t\t\t\t\t<section class=\"elementor-section elementor-top-section elementor-element elementor-element-afa6209 elementor-section-full_width elementor-section-height-default elementor-section-height-default qodef-elementor-content-no\" data-id=\"afa6209\" data-element_type=\"section\" data-settings=\"{&quot;background_background&quot;:&quot;classic&quot;}\">\n\t\t\t\t\t\t\t<div class=\"elementor-background-overlay\"><\/div>\n\t\t\t\t\t\t\t<div class=\"elementor-container elementor-column-gap-default\">\n\t\t\t\t\t<div class=\"elementor-column elementor-col-100 elementor-top-column elementor-element elementor-element-8d6a7c2\" data-id=\"8d6a7c2\" data-element_type=\"column\">\n\t\t\t<div class=\"elementor-widget-wrap elementor-element-populated\">\n\t\t\t\t\t\t<div class=\"elementor-element elementor-element-f5bac1a elementor-widget elementor-widget-manufaktursolutions_core_custom_font\" data-id=\"f5bac1a\" data-element_type=\"widget\" data-widget_type=\"manufaktursolutions_core_custom_font.default\">\n\t\t\t\t<div class=\"elementor-widget-container\">\n\t\t\t<h1 class=\"qodef-shortcode qodef-m  qodef-custom-font qodef-custom-font-81 qodef-layout--simple\" style=\"color: #FFFFFF\">Recruitment<\/h1>\n\t\t<\/div>\n\t\t\t\t<\/div>\n\t\t\t\t<div class=\"elementor-element elementor-element-ee861d2 elementor-widget__width-initial elementor-widget elementor-widget-manufaktursolutions_core_custom_font\" data-id=\"ee861d2\" data-element_type=\"widget\" data-widget_type=\"manufaktursolutions_core_custom_font.default\">\n\t\t\t\t<div class=\"elementor-widget-container\">\n\t\t\t<p class=\"qodef-shortcode qodef-m  qodef-custom-font qodef-custom-font-588 qodef-layout--simple\" style=\"color: #FFFFFF\">If you're looking for a new professional challenge, don't hesitate to consult our job offers.<br>\n\nOn this page you'll find all the job offers from AEL Groupe and its partners.<br>\n\nWould you like to join an innovative and dynamic company?<br>\n\nDon't miss out on your chance to make an spontaneous application!<\/p>\n\t\t<\/div>\n\t\t\t\t<\/div>\n\t\t\t\t\t<\/div>\n\t\t<\/div>\n\t\t\t\t\t<\/div>\n\t\t<\/section>\n\t\t<div class=\"elementor-element elementor-element-298a224 e-con-full e-flex e-con e-parent\" data-id=\"298a224\" data-element_type=\"container\">\n\t\t<div class=\"elementor-element elementor-element-85e2c98 e-con-full e-flex e-con e-child\" data-id=\"85e2c98\" data-element_type=\"container\">\n\t\t\t\t<div class=\"elementor-element elementor-element-c016bf5 elementor-widget elementor-widget-manufaktursolutions_core_section_title\" data-id=\"c016bf5\" data-element_type=\"widget\" data-widget_type=\"manufaktursolutions_core_section_title.default\">\n\t\t\t\t<div class=\"elementor-widget-container\">\n\t\t\t<div class=\"qodef-shortcode qodef-m  qodef-section-title qodef-alignment--left\">\n\t\t<p class=\"qodef-m-highlight-text\" >Recruitment<\/p>\n\t\t<h2 class=\"qodef-m-title\" >\n\t\t\t\t\tOur job offers\t\t\t<\/h2>\n\t\t<p class=\"qodef-m-subtitle\" >Find all our job offers on our Linkedin page.<\/p>\n\t\t<p class=\"qodef-m-text\" >Or send us a spontaneous application.<\/p>\n<\/div>\n\t\t<\/div>\n\t\t\t\t<\/div>\n\t\t\t\t<div class=\"elementor-element elementor-element-3310f48 elementor-widget elementor-widget-manufaktursolutions_core_button\" data-id=\"3310f48\" data-element_type=\"widget\" data-widget_type=\"manufaktursolutions_core_button.default\">\n\t\t\t\t<div class=\"elementor-widget-container\">\n\t\t\t<a class=\"qodef-shortcode qodef-m  qodef-button qodef-layout--outlined  qodef-html--link\" href=\"https:\/\/www.linkedin.com\/company\/ael-groupe\/posts\/?feedView=all\" target=\"_blank\" rel=\"nofollow noopener\">\n\t<span class=\"qodef-m-text\">See our jobs on LinkedIn<\/span>\n    <span class=\"qodef-m-button-arrow-holder\" >\n        <svg class=\"qodef-svg--button-arrow\" xmlns=\"http:\/\/www.w3.org\/2000\/svg\" width=\"17.65\" height=\"13.1\"\n     viewbox=\"0 0 17.65 13.1\"><path d=\"m11.75 13.1-1.275-1.275L14.1 8.2l.85-.575-.1-.3-1.025.125H0V5.625h13.825l1.025.15.1-.3-.85-.575-3.625-3.625L11.75 0l5.9 5.9v1.3Z\"\/><path d=\"m11.75 13.1-1.275-1.275L14.1 8.2l.85-.575-.1-.3-1.025.125H0V5.625h13.825l1.025.15.1-.3-.85-.575-3.625-3.625L11.75 0l5.9 5.9v1.3Z\"\/><\/svg>    <\/span>\n<\/a>\t\t<\/div>\n\t\t\t\t<\/div>\n\t\t\t\t<\/div>\n\t\t<div class=\"elementor-element elementor-element-ce1a999 e-con-full e-flex e-con e-child\" data-id=\"ce1a999\" data-element_type=\"container\" data-settings=\"{&quot;background_background&quot;:&quot;classic&quot;}\">\n\t\t\t\t<div class=\"elementor-element elementor-element-be669eb elementor-widget elementor-widget-qi_addons_for_elementor_section_title\" data-id=\"be669eb\" data-element_type=\"widget\" data-widget_type=\"qi_addons_for_elementor_section_title.default\">\n\t\t\t\t<div class=\"elementor-widget-container\">\n\t\t\t<div class=\"qodef-shortcode qodef-m  qodef-qi-section-title  qodef-decoration--italic  qodef-link--underline-draw qodef-subtitle-icon--left\">\n\t\t\t\t<h5 class=\"qodef-m-subtitle\">\n\t\tSpontaneous application\t\t\t<\/h5>\n\t\t\t\t\t<\/div>\n\t\t<\/div>\n\t\t\t\t<\/div>\n\t\t\t\t<\/div>\n\t\t\t\t<\/div>\n\t\t\t\t<\/div>","protected":false},"excerpt":{"rendered":"<p>Recrutement Si vous \u00eates \u00e0 la recherche d&rsquo;un nouveau challenge professionnel, n&rsquo;h\u00e9sitez pas \u00e0 consulter nos offres d&#8217;emploi. Retrouvez sur cette page toutes les offres d&#8217;emploi d&rsquo;AEL Groupe et de ses partenaires. Vous souhaitez rejoindre une entreprise innovante et dynamique ? Postulez en candidature spontan\u00e9e, ne passez pas \u00e0 c\u00f4t\u00e9 de votre chance ! Recrutement [&hellip;]<\/p>\n","protected":false},"author":1,"featured_media":0,"parent":0,"menu_order":0,"comment_status":"closed","ping_status":"closed","template":"page-full-width.php","meta":{"footnotes":""},"class_list":["post-8392","page","type-page","status-publish","hentry"],"_links":{"self":[{"href":"https:\/\/www.aelgroupe.fr\/en\/wp-json\/wp\/v2\/pages\/8392","targetHints":{"allow":["GET"]}}],"collection":[{"href":"https:\/\/www.aelgroupe.fr\/en\/wp-json\/wp\/v2\/pages"}],"about":[{"href":"https:\/\/www.aelgroupe.fr\/en\/wp-json\/wp\/v2\/types\/page"}],"author":[{"embeddable":true,"href":"https:\/\/www.aelgroupe.fr\/en\/wp-json\/wp\/v2\/users\/1"}],"replies":[{"embeddable":true,"href":"https:\/\/www.aelgroupe.fr\/en\/wp-json\/wp\/v2\/comments?post=8392"}],"version-history":[{"count":95,"href":"https:\/\/www.aelgroupe.fr\/en\/wp-json\/wp\/v2\/pages\/8392\/revisions"}],"predecessor-version":[{"id":12106,"href":"https:\/\/www.aelgroupe.fr\/en\/wp-json\/wp\/v2\/pages\/8392\/revisions\/12106"}],"wp:attachment":[{"href":"https:\/\/www.aelgroupe.fr\/en\/wp-json\/wp\/v2\/media?parent=8392"}],"curies":[{"name":"wp","href":"https:\/\/api.w.org\/{rel}","templated":true}]}}